{"id":1417,"date":"2025-10-24T14:32:23","date_gmt":"2025-10-24T14:32:23","guid":{"rendered":"https:\/\/sac.britania.com.br\/marketing\/pagina\/?page_id=1417"},"modified":"2025-10-24T17:06:09","modified_gmt":"2025-10-24T17:06:09","slug":"liquidificador-blq1300p-127v","status":"publish","type":"page","link":"https:\/\/sac.britania.com.br\/marketing\/pagina\/liquidificador-blq1300p-127v\/","title":{"rendered":"LIQUIDIFICADOR BLQ1300P 127V"},"content":{"rendered":"\t\t<div data-elementor-type=\"wp-page\" data-elementor-id=\"1417\" class=\"elementor elementor-1417\" data-elementor-post-type=\"page\">\n\t\t\t\t<div class=\"elementor-element elementor-element-c6b2110 e-grid e-con-boxed e-con e-parent\" data-id=\"c6b2110\" data-element_type=\"container\" data-e-type=\"container\" data-settings=\"{&quot;background_background&quot;:&quot;classic&quot;}\">\n\t\t\t\t\t<div class=\"e-con-inner\">\n\t\t<div class=\"elementor-element elementor-element-689873a e-con-full e-flex e-con e-child\" data-id=\"689873a\" data-element_type=\"container\" data-e-type=\"container\">\n\t\t<div class=\"elementor-element elementor-element-cfe122c e-con-full e-flex e-con e-child\" data-id=\"cfe122c\" data-element_type=\"container\" data-e-type=\"container\" data-settings=\"{&quot;background_background&quot;:&quot;classic&quot;}\">\n\t\t<div class=\"elementor-element elementor-element-3c8fd03 e-con-full e-flex e-con e-child\" data-id=\"3c8fd03\" data-element_type=\"container\" data-e-type=\"container\" data-settings=\"{&quot;background_background&quot;:&quot;classic&quot;}\">\n\t\t\t\t<div class=\"elementor-element elementor-element-aeb37c6 elementor-widget elementor-widget-image\" data-id=\"aeb37c6\" data-element_type=\"widget\" data-e-type=\"widget\" data-widget_type=\"image.default\">\n\t\t\t\t<div class=\"elementor-widget-container\">\n\t\t\t\t\t\t\t\t\t\t\t\t\t\t\t<img decoding=\"async\" width=\"113\" height=\"88\" src=\"https:\/\/sac.britania.com.br\/marketing\/pagina\/wp-content\/uploads\/2025\/04\/logo-britania-reduzido-branco.png\" class=\"attachment-large size-large wp-image-76\" alt=\"\" \/>\t\t\t\t\t\t\t\t\t\t\t\t\t\t\t<\/div>\n\t\t\t\t<\/div>\n\t\t\t\t<\/div>\n\t\t<div class=\"elementor-element elementor-element-3b64a23 e-con-full e-flex e-con e-child\" data-id=\"3b64a23\" data-element_type=\"container\" data-e-type=\"container\">\n\t\t<div class=\"elementor-element elementor-element-4985ac5 e-con-full e-flex e-con e-child\" data-id=\"4985ac5\" data-element_type=\"container\" data-e-type=\"container\">\n\t\t\t\t<div class=\"elementor-element elementor-element-9831db0 elementor-widget elementor-widget-image\" data-id=\"9831db0\" data-element_type=\"widget\" data-e-type=\"widget\" data-widget_type=\"image.default\">\n\t\t\t\t<div class=\"elementor-widget-container\">\n\t\t\t\t\t\t\t\t\t\t\t\t\t\t\t<img fetchpriority=\"high\" decoding=\"async\" width=\"478\" height=\"296\" src=\"https:\/\/sac.britania.com.br\/marketing\/pagina\/wp-content\/uploads\/2025\/10\/TXT.png\" class=\"attachment-large size-large wp-image-1423\" alt=\"\" srcset=\"https:\/\/sac.britania.com.br\/marketing\/pagina\/wp-content\/uploads\/2025\/10\/TXT.png 478w, https:\/\/sac.britania.com.br\/marketing\/pagina\/wp-content\/uploads\/2025\/10\/TXT-300x186.png 300w\" sizes=\"(max-width: 478px) 100vw, 478px\" \/>\t\t\t\t\t\t\t\t\t\t\t\t\t\t\t<\/div>\n\t\t\t\t<\/div>\n\t\t\t\t<div class=\"elementor-element elementor-element-90077bf elementor-widget elementor-widget-heading\" data-id=\"90077bf\" data-element_type=\"widget\" data-e-type=\"widget\" data-widget_type=\"heading.default\">\n\t\t\t\t<div class=\"elementor-widget-container\">\n\t\t\t\t\t<h2 class=\"elementor-heading-title elementor-size-default\">Liquidificador<\/h2>\t\t\t\t<\/div>\n\t\t\t\t<\/div>\n\t\t\t\t<div class=\"elementor-element elementor-element-c870648 elementor-widget elementor-widget-heading\" data-id=\"c870648\" data-element_type=\"widget\" data-e-type=\"widget\" data-widget_type=\"heading.default\">\n\t\t\t\t<div class=\"elementor-widget-container\">\n\t\t\t\t\t<h2 class=\"elementor-heading-title elementor-size-default\">BLQ1300 TURBO<\/h2>\t\t\t\t<\/div>\n\t\t\t\t<\/div>\n\t\t\t\t<\/div>\n\t\t<div class=\"elementor-element elementor-element-73d0951 e-con-full e-flex e-con e-child\" data-id=\"73d0951\" data-element_type=\"container\" data-e-type=\"container\">\n\t\t\t\t<div class=\"elementor-element elementor-element-7a5aa06 elementor-invisible elementor-widget elementor-widget-image\" data-id=\"7a5aa06\" data-element_type=\"widget\" data-e-type=\"widget\" data-settings=\"{&quot;_animation&quot;:&quot;fadeInUp&quot;}\" data-widget_type=\"image.default\">\n\t\t\t\t<div class=\"elementor-widget-container\">\n\t\t\t\t\t\t\t\t\t\t\t\t\t\t\t<img decoding=\"async\" width=\"280\" height=\"656\" src=\"https:\/\/sac.britania.com.br\/marketing\/pagina\/wp-content\/uploads\/2025\/10\/Liq-BLQ1300_01.png\" class=\"attachment-large size-large wp-image-1422\" alt=\"\" srcset=\"https:\/\/sac.britania.com.br\/marketing\/pagina\/wp-content\/uploads\/2025\/10\/Liq-BLQ1300_01.png 280w, https:\/\/sac.britania.com.br\/marketing\/pagina\/wp-content\/uploads\/2025\/10\/Liq-BLQ1300_01-128x300.png 128w\" sizes=\"(max-width: 280px) 100vw, 280px\" \/>\t\t\t\t\t\t\t\t\t\t\t\t\t\t\t<\/div>\n\t\t\t\t<\/div>\n\t\t\t\t<\/div>\n\t\t\t\t<\/div>\n\t\t\t\t<\/div>\n\t\t\t\t<\/div>\n\t\t\t\t\t<\/div>\n\t\t\t\t<\/div>\n\t\t<div class=\"elementor-element elementor-element-0ea3564 e-grid e-con-boxed e-con e-parent\" data-id=\"0ea3564\" data-element_type=\"container\" data-e-type=\"container\" data-settings=\"{&quot;background_background&quot;:&quot;classic&quot;}\">\n\t\t\t\t\t<div class=\"e-con-inner\">\n\t\t<div class=\"elementor-element elementor-element-f96ca7e e-con-full e-flex e-con e-child\" data-id=\"f96ca7e\" data-element_type=\"container\" data-e-type=\"container\" data-settings=\"{&quot;background_background&quot;:&quot;classic&quot;}\">\n\t\t<div class=\"elementor-element elementor-element-6f7b939 e-con-full e-flex e-con e-child\" data-id=\"6f7b939\" data-element_type=\"container\" data-e-type=\"container\" data-settings=\"{&quot;background_background&quot;:&quot;classic&quot;}\">\n\t\t<div class=\"elementor-element elementor-element-d3da31e e-con-full e-flex elementor-invisible e-con e-child\" data-id=\"d3da31e\" data-element_type=\"container\" data-e-type=\"container\" data-settings=\"{&quot;animation&quot;:&quot;fadeInUp&quot;}\">\n\t\t\t\t<div class=\"elementor-element elementor-element-1d6d668 elementor-widget elementor-widget-heading\" data-id=\"1d6d668\" data-element_type=\"widget\" data-e-type=\"widget\" data-widget_type=\"heading.default\">\n\t\t\t\t<div class=\"elementor-widget-container\">\n\t\t\t\t\t<h2 class=\"elementor-heading-title elementor-size-default\">O melhor\ne mais<\/h2>\t\t\t\t<\/div>\n\t\t\t\t<\/div>\n\t\t\t\t<div class=\"elementor-element elementor-element-3e0698e elementor-widget__width-initial elementor-widget elementor-widget-heading\" data-id=\"3e0698e\" data-element_type=\"widget\" data-e-type=\"widget\" data-widget_type=\"heading.default\">\n\t\t\t\t<div class=\"elementor-widget-container\">\n\t\t\t\t\t<h2 class=\"elementor-heading-title elementor-size-default\">potente<\/h2>\t\t\t\t<\/div>\n\t\t\t\t<\/div>\n\t\t\t\t<\/div>\n\t\t\t\t<\/div>\n\t\t<div class=\"elementor-element elementor-element-f065a26 e-con-full e-flex e-con e-child\" data-id=\"f065a26\" data-element_type=\"container\" data-e-type=\"container\" data-settings=\"{&quot;background_background&quot;:&quot;classic&quot;}\">\n\t\t\t\t<div class=\"elementor-element elementor-element-60d2d92 elementor-invisible elementor-widget elementor-widget-image\" data-id=\"60d2d92\" data-element_type=\"widget\" data-e-type=\"widget\" data-settings=\"{&quot;_animation&quot;:&quot;zoomInRight&quot;}\" data-widget_type=\"image.default\">\n\t\t\t\t<div class=\"elementor-widget-container\">\n\t\t\t\t\t\t\t\t\t\t\t\t\t\t\t<img loading=\"lazy\" decoding=\"async\" width=\"542\" height=\"679\" src=\"https:\/\/sac.britania.com.br\/marketing\/pagina\/wp-content\/uploads\/2025\/10\/Liqui02.png\" class=\"attachment-large size-large wp-image-1424\" alt=\"\" srcset=\"https:\/\/sac.britania.com.br\/marketing\/pagina\/wp-content\/uploads\/2025\/10\/Liqui02.png 542w, https:\/\/sac.britania.com.br\/marketing\/pagina\/wp-content\/uploads\/2025\/10\/Liqui02-239x300.png 239w\" sizes=\"(max-width: 542px) 100vw, 542px\" \/>\t\t\t\t\t\t\t\t\t\t\t\t\t\t\t<\/div>\n\t\t\t\t<\/div>\n\t\t\t\t<\/div>\n\t\t\t\t<\/div>\n\t\t\t\t\t<\/div>\n\t\t\t\t<\/div>\n\t\t<div class=\"elementor-element elementor-element-e9504e1 e-grid e-con-boxed e-con e-parent\" data-id=\"e9504e1\" data-element_type=\"container\" data-e-type=\"container\" data-settings=\"{&quot;background_background&quot;:&quot;classic&quot;}\">\n\t\t\t\t\t<div class=\"e-con-inner\">\n\t\t<div class=\"elementor-element elementor-element-2a8975a e-con-full e-flex e-con e-child\" data-id=\"2a8975a\" data-element_type=\"container\" data-e-type=\"container\" data-settings=\"{&quot;background_background&quot;:&quot;classic&quot;}\">\n\t\t<div class=\"elementor-element elementor-element-40ea990 e-con-full e-flex e-con e-child\" data-id=\"40ea990\" data-element_type=\"container\" data-e-type=\"container\" data-settings=\"{&quot;background_background&quot;:&quot;classic&quot;}\">\n\t\t\t\t<div class=\"elementor-element elementor-element-a72518d elementor-widget elementor-widget-image\" data-id=\"a72518d\" data-element_type=\"widget\" data-e-type=\"widget\" data-widget_type=\"image.default\">\n\t\t\t\t<div class=\"elementor-widget-container\">\n\t\t\t\t\t\t\t\t\t\t\t\t\t\t\t<img loading=\"lazy\" decoding=\"async\" width=\"449\" height=\"169\" src=\"https:\/\/sac.britania.com.br\/marketing\/pagina\/wp-content\/uploads\/2025\/10\/1220w.png\" class=\"attachment-large size-large wp-image-1427\" alt=\"\" srcset=\"https:\/\/sac.britania.com.br\/marketing\/pagina\/wp-content\/uploads\/2025\/10\/1220w.png 449w, https:\/\/sac.britania.com.br\/marketing\/pagina\/wp-content\/uploads\/2025\/10\/1220w-300x113.png 300w\" sizes=\"(max-width: 449px) 100vw, 449px\" \/>\t\t\t\t\t\t\t\t\t\t\t\t\t\t\t<\/div>\n\t\t\t\t<\/div>\n\t\t\t\t<\/div>\n\t\t\t\t<\/div>\n\t\t\t\t\t<\/div>\n\t\t\t\t<\/div>\n\t\t<div class=\"elementor-element elementor-element-f705281 e-flex e-con-boxed e-con e-parent\" data-id=\"f705281\" data-element_type=\"container\" data-e-type=\"container\" data-settings=\"{&quot;background_background&quot;:&quot;classic&quot;}\">\n\t\t\t\t\t<div class=\"e-con-inner\">\n\t\t<div class=\"elementor-element elementor-element-8af1d59 e-con-full e-flex e-con e-child\" data-id=\"8af1d59\" data-element_type=\"container\" data-e-type=\"container\" data-settings=\"{&quot;background_background&quot;:&quot;classic&quot;}\">\n\t\t<div class=\"elementor-element elementor-element-fc840c2 e-con-full e-flex e-con e-child\" data-id=\"fc840c2\" data-element_type=\"container\" data-e-type=\"container\">\n\t\t\t\t<div class=\"elementor-element elementor-element-71d9d66 elementor-invisible elementor-widget elementor-widget-image\" data-id=\"71d9d66\" data-element_type=\"widget\" data-e-type=\"widget\" data-settings=\"{&quot;_animation&quot;:&quot;fadeInLeft&quot;}\" data-widget_type=\"image.default\">\n\t\t\t\t<div class=\"elementor-widget-container\">\n\t\t\t\t\t\t\t\t\t\t\t\t\t\t\t<img loading=\"lazy\" decoding=\"async\" width=\"592\" height=\"344\" src=\"https:\/\/sac.britania.com.br\/marketing\/pagina\/wp-content\/uploads\/2025\/10\/Retangulo-25.png\" class=\"attachment-full size-full wp-image-1428\" alt=\"\" srcset=\"https:\/\/sac.britania.com.br\/marketing\/pagina\/wp-content\/uploads\/2025\/10\/Retangulo-25.png 592w, https:\/\/sac.britania.com.br\/marketing\/pagina\/wp-content\/uploads\/2025\/10\/Retangulo-25-300x174.png 300w\" sizes=\"(max-width: 592px) 100vw, 592px\" \/>\t\t\t\t\t\t\t\t\t\t\t\t\t\t\t<\/div>\n\t\t\t\t<\/div>\n\t\t\t\t<\/div>\n\t\t<div class=\"elementor-element elementor-element-64fbeb7 e-con-full e-flex e-con e-child\" data-id=\"64fbeb7\" data-element_type=\"container\" data-e-type=\"container\" data-settings=\"{&quot;animation&quot;:&quot;none&quot;,&quot;background_background&quot;:&quot;classic&quot;}\">\n\t\t\t\t<div class=\"elementor-element elementor-element-effd161 elementor-widget elementor-widget-heading\" data-id=\"effd161\" data-element_type=\"widget\" data-e-type=\"widget\" data-widget_type=\"heading.default\">\n\t\t\t\t<div class=\"elementor-widget-container\">\n\t\t\t\t\t<h2 class=\"elementor-heading-title elementor-size-default\">6 L\u00e2minas em\na\u00e7o inox<\/h2>\t\t\t\t<\/div>\n\t\t\t\t<\/div>\n\t\t\t\t<div class=\"elementor-element elementor-element-7be3a2f elementor-widget__width-initial elementor-widget elementor-widget-text-editor\" data-id=\"7be3a2f\" data-element_type=\"widget\" data-e-type=\"widget\" data-widget_type=\"text-editor.default\">\n\t\t\t\t<div class=\"elementor-widget-container\">\n\t\t\t\t\t\t\t\t\t<p>com alt\u00edssimo poder de tritura\u00e7\u00e3o para triturar diversos alimentos.<\/p>\t\t\t\t\t\t\t\t<\/div>\n\t\t\t\t<\/div>\n\t\t\t\t<\/div>\n\t\t\t\t<\/div>\n\t\t\t\t\t<\/div>\n\t\t\t\t<\/div>\n\t\t<div class=\"elementor-element elementor-element-8831979 e-flex e-con-boxed e-con e-parent\" data-id=\"8831979\" data-element_type=\"container\" data-e-type=\"container\" data-settings=\"{&quot;background_background&quot;:&quot;classic&quot;}\">\n\t\t\t\t\t<div class=\"e-con-inner\">\n\t\t<div class=\"elementor-element elementor-element-5841df3 e-con-full e-flex e-con e-child\" data-id=\"5841df3\" data-element_type=\"container\" data-e-type=\"container\" data-settings=\"{&quot;background_background&quot;:&quot;classic&quot;}\">\n\t\t<div class=\"elementor-element elementor-element-21ed765 e-con-full e-flex e-con e-child\" data-id=\"21ed765\" data-element_type=\"container\" data-e-type=\"container\" data-settings=\"{&quot;animation&quot;:&quot;none&quot;,&quot;background_background&quot;:&quot;classic&quot;}\">\n\t\t\t\t<div class=\"elementor-element elementor-element-88d91a6 elementor-widget elementor-widget-heading\" data-id=\"88d91a6\" data-element_type=\"widget\" data-e-type=\"widget\" data-widget_type=\"heading.default\">\n\t\t\t\t<div class=\"elementor-widget-container\">\n\t\t\t\t\t<h2 class=\"elementor-heading-title elementor-size-default\">Copo quadrado\ncom capacidade\ntotal para 3 litros<\/h2>\t\t\t\t<\/div>\n\t\t\t\t<\/div>\n\t\t\t\t<\/div>\n\t\t<div class=\"elementor-element elementor-element-9312ea8 e-con-full e-flex e-con e-child\" data-id=\"9312ea8\" data-element_type=\"container\" data-e-type=\"container\" data-settings=\"{&quot;background_background&quot;:&quot;classic&quot;}\">\n\t\t\t\t<div class=\"elementor-element elementor-element-9d3432a elementor-invisible elementor-widget elementor-widget-image\" data-id=\"9d3432a\" data-element_type=\"widget\" data-e-type=\"widget\" data-settings=\"{&quot;_animation&quot;:&quot;fadeInRight&quot;}\" data-widget_type=\"image.default\">\n\t\t\t\t<div class=\"elementor-widget-container\">\n\t\t\t\t\t\t\t\t\t\t\t\t\t\t\t<img loading=\"lazy\" decoding=\"async\" width=\"599\" height=\"367\" src=\"https:\/\/sac.britania.com.br\/marketing\/pagina\/wp-content\/uploads\/2025\/10\/Agrupar-2-2.png\" class=\"attachment-full size-full wp-image-1433\" alt=\"\" srcset=\"https:\/\/sac.britania.com.br\/marketing\/pagina\/wp-content\/uploads\/2025\/10\/Agrupar-2-2.png 599w, https:\/\/sac.britania.com.br\/marketing\/pagina\/wp-content\/uploads\/2025\/10\/Agrupar-2-2-300x184.png 300w\" sizes=\"(max-width: 599px) 100vw, 599px\" \/>\t\t\t\t\t\t\t\t\t\t\t\t\t\t\t<\/div>\n\t\t\t\t<\/div>\n\t\t\t\t<\/div>\n\t\t\t\t<\/div>\n\t\t\t\t\t<\/div>\n\t\t\t\t<\/div>\n\t\t<div class=\"elementor-element elementor-element-66bbf5c e-flex e-con-boxed e-con e-parent\" data-id=\"66bbf5c\" data-element_type=\"container\" data-e-type=\"container\" data-settings=\"{&quot;background_background&quot;:&quot;classic&quot;}\">\n\t\t\t\t\t<div class=\"e-con-inner\">\n\t\t<div class=\"elementor-element elementor-element-8eb7b21 e-con-full e-flex e-con e-child\" data-id=\"8eb7b21\" data-element_type=\"container\" data-e-type=\"container\" data-settings=\"{&quot;background_background&quot;:&quot;classic&quot;}\">\n\t\t<div class=\"elementor-element elementor-element-c70d18f e-con-full e-flex e-con e-child\" data-id=\"c70d18f\" data-element_type=\"container\" data-e-type=\"container\">\n\t\t\t\t<div class=\"elementor-element elementor-element-4e071e0 elementor-invisible elementor-widget elementor-widget-image\" data-id=\"4e071e0\" data-element_type=\"widget\" data-e-type=\"widget\" data-settings=\"{&quot;_animation&quot;:&quot;fadeInLeft&quot;}\" data-widget_type=\"image.default\">\n\t\t\t\t<div class=\"elementor-widget-container\">\n\t\t\t\t\t\t\t\t\t\t\t\t\t\t\t<img loading=\"lazy\" decoding=\"async\" width=\"586\" height=\"332\" src=\"https:\/\/sac.britania.com.br\/marketing\/pagina\/wp-content\/uploads\/2025\/10\/BLQ1300P-Turbo_1.png\" class=\"attachment-full size-full wp-image-1443\" alt=\"\" srcset=\"https:\/\/sac.britania.com.br\/marketing\/pagina\/wp-content\/uploads\/2025\/10\/BLQ1300P-Turbo_1.png 586w, https:\/\/sac.britania.com.br\/marketing\/pagina\/wp-content\/uploads\/2025\/10\/BLQ1300P-Turbo_1-300x170.png 300w\" sizes=\"(max-width: 586px) 100vw, 586px\" \/>\t\t\t\t\t\t\t\t\t\t\t\t\t\t\t<\/div>\n\t\t\t\t<\/div>\n\t\t\t\t<\/div>\n\t\t<div class=\"elementor-element elementor-element-7abd31e e-con-full e-flex e-con e-child\" data-id=\"7abd31e\" data-element_type=\"container\" data-e-type=\"container\" data-settings=\"{&quot;animation&quot;:&quot;none&quot;,&quot;background_background&quot;:&quot;classic&quot;}\">\n\t\t\t\t<div class=\"elementor-element elementor-element-48e3daf elementor-widget elementor-widget-heading\" data-id=\"48e3daf\" data-element_type=\"widget\" data-e-type=\"widget\" data-widget_type=\"heading.default\">\n\t\t\t\t<div class=\"elementor-widget-container\">\n\t\t\t\t\t<h2 class=\"elementor-heading-title elementor-size-default\">TAMPA COM AL\u00c7A<\/h2>\t\t\t\t<\/div>\n\t\t\t\t<\/div>\n\t\t\t\t<div class=\"elementor-element elementor-element-b5241d0 elementor-widget__width-initial elementor-widget elementor-widget-text-editor\" data-id=\"b5241d0\" data-element_type=\"widget\" data-e-type=\"widget\" data-widget_type=\"text-editor.default\">\n\t\t\t\t<div class=\"elementor-widget-container\">\n\t\t\t\t\t\t\t\t\t<p>facilita a abertura.<\/p>\t\t\t\t\t\t\t\t<\/div>\n\t\t\t\t<\/div>\n\t\t\t\t<\/div>\n\t\t\t\t<\/div>\n\t\t\t\t\t<\/div>\n\t\t\t\t<\/div>\n\t\t<div class=\"elementor-element elementor-element-3bede41 e-flex e-con-boxed e-con e-parent\" data-id=\"3bede41\" data-element_type=\"container\" data-e-type=\"container\" data-settings=\"{&quot;background_background&quot;:&quot;classic&quot;}\">\n\t\t\t\t\t<div class=\"e-con-inner\">\n\t\t<div class=\"elementor-element elementor-element-ddb291e e-con-full e-flex e-con e-child\" data-id=\"ddb291e\" data-element_type=\"container\" data-e-type=\"container\" data-settings=\"{&quot;background_background&quot;:&quot;classic&quot;}\">\n\t\t<div class=\"elementor-element elementor-element-18e70df e-con-full e-flex e-con e-child\" data-id=\"18e70df\" data-element_type=\"container\" data-e-type=\"container\" data-settings=\"{&quot;animation&quot;:&quot;none&quot;,&quot;background_background&quot;:&quot;classic&quot;}\">\n\t\t\t\t<div class=\"elementor-element elementor-element-6573414 elementor-widget elementor-widget-heading\" data-id=\"6573414\" data-element_type=\"widget\" data-e-type=\"widget\" data-widget_type=\"heading.default\">\n\t\t\t\t<div class=\"elementor-widget-container\">\n\t\t\t\t\t<h2 class=\"elementor-heading-title elementor-size-default\">EXCLUSIVA \nSOBRETAMPA\nDOSADORA <\/h2>\t\t\t\t<\/div>\n\t\t\t\t<\/div>\n\t\t\t\t<div class=\"elementor-element elementor-element-ed0d7cc elementor-widget elementor-widget-text-editor\" data-id=\"ed0d7cc\" data-element_type=\"widget\" data-e-type=\"widget\" data-widget_type=\"text-editor.default\">\n\t\t\t\t<div class=\"elementor-widget-container\">\n\t\t\t\t\t\t\t\t\t<p>adi\u00e7\u00e3o de ingredientes e tem a capacidade de 60ml ou de \u00bc x\u00edcara.<\/p>\t\t\t\t\t\t\t\t<\/div>\n\t\t\t\t<\/div>\n\t\t\t\t<\/div>\n\t\t<div class=\"elementor-element elementor-element-e398753 e-con-full e-flex e-con e-child\" data-id=\"e398753\" data-element_type=\"container\" data-e-type=\"container\" data-settings=\"{&quot;background_background&quot;:&quot;classic&quot;}\">\n\t\t\t\t<div class=\"elementor-element elementor-element-3f87cd7 elementor-invisible elementor-widget elementor-widget-image\" data-id=\"3f87cd7\" data-element_type=\"widget\" data-e-type=\"widget\" data-settings=\"{&quot;_animation&quot;:&quot;fadeInRight&quot;}\" data-widget_type=\"image.default\">\n\t\t\t\t<div class=\"elementor-widget-container\">\n\t\t\t\t\t\t\t\t\t\t\t\t\t\t\t<img loading=\"lazy\" decoding=\"async\" width=\"404\" height=\"606\" src=\"https:\/\/sac.britania.com.br\/marketing\/pagina\/wp-content\/uploads\/2025\/10\/Liq-BLQ1300_16.png\" class=\"attachment-full size-full wp-image-1444\" alt=\"\" srcset=\"https:\/\/sac.britania.com.br\/marketing\/pagina\/wp-content\/uploads\/2025\/10\/Liq-BLQ1300_16.png 404w, https:\/\/sac.britania.com.br\/marketing\/pagina\/wp-content\/uploads\/2025\/10\/Liq-BLQ1300_16-200x300.png 200w\" sizes=\"(max-width: 404px) 100vw, 404px\" \/>\t\t\t\t\t\t\t\t\t\t\t\t\t\t\t<\/div>\n\t\t\t\t<\/div>\n\t\t\t\t<\/div>\n\t\t\t\t<\/div>\n\t\t\t\t\t<\/div>\n\t\t\t\t<\/div>\n\t\t<div class=\"elementor-element elementor-element-1b1bc1e e-flex e-con-boxed e-con e-parent\" data-id=\"1b1bc1e\" data-element_type=\"container\" data-e-type=\"container\" data-settings=\"{&quot;background_background&quot;:&quot;classic&quot;}\">\n\t\t\t\t\t<div class=\"e-con-inner\">\n\t\t<div class=\"elementor-element elementor-element-e8785b9 e-con-full e-flex e-con e-child\" data-id=\"e8785b9\" data-element_type=\"container\" data-e-type=\"container\" data-settings=\"{&quot;background_background&quot;:&quot;classic&quot;}\">\n\t\t<div class=\"elementor-element elementor-element-008277e e-con-full e-flex e-con e-child\" data-id=\"008277e\" data-element_type=\"container\" data-e-type=\"container\" data-settings=\"{&quot;animation&quot;:&quot;none&quot;,&quot;background_background&quot;:&quot;classic&quot;}\">\n\t\t\t\t<div class=\"elementor-element elementor-element-f5bade3 elementor-widget__width-initial elementor-widget elementor-widget-heading\" data-id=\"f5bade3\" data-element_type=\"widget\" data-e-type=\"widget\" data-widget_type=\"heading.default\">\n\t\t\t\t<div class=\"elementor-widget-container\">\n\t\t\t\t\t<h2 class=\"elementor-heading-title elementor-size-default\">Prepare in\u00fameras receitas com\nmaior praticidade e efici\u00eancia.<\/h2>\t\t\t\t<\/div>\n\t\t\t\t<\/div>\n\t\t\t\t<div class=\"elementor-element elementor-element-feeb4d2 elementor-widget elementor-widget-image\" data-id=\"feeb4d2\" data-element_type=\"widget\" data-e-type=\"widget\" data-widget_type=\"image.default\">\n\t\t\t\t<div class=\"elementor-widget-container\">\n\t\t\t\t\t\t\t\t\t\t\t\t\t\t\t<img loading=\"lazy\" decoding=\"async\" width=\"800\" height=\"270\" src=\"https:\/\/sac.britania.com.br\/marketing\/pagina\/wp-content\/uploads\/2025\/10\/fotos-1024x346.jpg\" class=\"attachment-large size-large wp-image-1447\" alt=\"\" srcset=\"https:\/\/sac.britania.com.br\/marketing\/pagina\/wp-content\/uploads\/2025\/10\/fotos-1024x346.jpg 1024w, https:\/\/sac.britania.com.br\/marketing\/pagina\/wp-content\/uploads\/2025\/10\/fotos-300x101.jpg 300w, https:\/\/sac.britania.com.br\/marketing\/pagina\/wp-content\/uploads\/2025\/10\/fotos-768x260.jpg 768w, https:\/\/sac.britania.com.br\/marketing\/pagina\/wp-content\/uploads\/2025\/10\/fotos.jpg 1135w\" sizes=\"(max-width: 800px) 100vw, 800px\" \/>\t\t\t\t\t\t\t\t\t\t\t\t\t\t\t<\/div>\n\t\t\t\t<\/div>\n\t\t\t\t<\/div>\n\t\t\t\t<\/div>\n\t\t\t\t\t<\/div>\n\t\t\t\t<\/div>\n\t\t<div class=\"elementor-element elementor-element-d7d2aa0 e-flex e-con-boxed elementor-invisible e-con e-parent\" data-id=\"d7d2aa0\" data-element_type=\"container\" data-e-type=\"container\" data-settings=\"{&quot;background_background&quot;:&quot;classic&quot;,&quot;animation&quot;:&quot;fadeInUp&quot;}\">\n\t\t\t\t\t<div class=\"e-con-inner\">\n\t\t<div class=\"elementor-element elementor-element-264804f e-con-full e-flex e-con e-child\" data-id=\"264804f\" data-element_type=\"container\" data-e-type=\"container\" data-settings=\"{&quot;background_background&quot;:&quot;classic&quot;}\">\n\t\t\t\t<\/div>\n\t\t\t\t\t<\/div>\n\t\t\t\t<\/div>\n\t\t<div class=\"elementor-element elementor-element-c136044 e-flex e-con-boxed e-con e-parent\" data-id=\"c136044\" data-element_type=\"container\" data-e-type=\"container\">\n\t\t\t\t\t<div class=\"e-con-inner\">\n\t\t<div class=\"elementor-element elementor-element-add2e89 e-con-full e-flex e-con e-child\" data-id=\"add2e89\" data-element_type=\"container\" data-e-type=\"container\" data-settings=\"{&quot;background_background&quot;:&quot;classic&quot;}\">\n\t\t\t\t<div class=\"elementor-element elementor-element-44946e8 elementor-widget elementor-widget-image\" data-id=\"44946e8\" data-element_type=\"widget\" data-e-type=\"widget\" data-widget_type=\"image.default\">\n\t\t\t\t<div class=\"elementor-widget-container\">\n\t\t\t\t\t\t\t\t\t\t\t\t\t\t\t<img loading=\"lazy\" decoding=\"async\" width=\"147\" height=\"46\" src=\"https:\/\/sac.britania.com.br\/marketing\/pagina\/wp-content\/uploads\/2025\/05\/LOGO.png\" class=\"attachment-large size-large wp-image-399\" alt=\"\" \/>\t\t\t\t\t\t\t\t\t\t\t\t\t\t\t<\/div>\n\t\t\t\t<\/div>\n\t\t\t\t<div class=\"elementor-element elementor-element-fbd568f elementor-widget elementor-widget-text-editor\" data-id=\"fbd568f\" data-element_type=\"widget\" data-e-type=\"widget\" data-widget_type=\"text-editor.default\">\n\t\t\t\t<div class=\"elementor-widget-container\">\n\t\t\t\t\t\t\t\t\t<p>Imagens Meramente Ilustrativas.<\/p>\t\t\t\t\t\t\t\t<\/div>\n\t\t\t\t<\/div>\n\t\t\t\t<\/div>\n\t\t\t\t\t<\/div>\n\t\t\t\t<\/div>\n\t\t\t\t<\/div>\n\t\t","protected":false},"excerpt":{"rendered":"<p>Liquidificador BLQ1300 TURBO O melhor e mais potente 6 L\u00e2minas em a\u00e7o inox com alt\u00edssimo poder de tritura\u00e7\u00e3o para triturar diversos alimentos. Copo quadrado com capacidade total para 3 litros TAMPA COM AL\u00c7A facilita a abertura. EXCLUSIVA SOBRETAMPA DOSADORA adi\u00e7\u00e3o de ingredientes e tem a capacidade de 60ml ou de \u00bc x\u00edcara. Prepare in\u00fameras receitas [&hellip;]<\/p>\n","protected":false},"author":4,"featured_media":0,"parent":0,"menu_order":0,"comment_status":"closed","ping_status":"closed","template":"elementor_canvas","meta":{"footnotes":""},"class_list":["post-1417","page","type-page","status-publish","hentry"],"_links":{"self":[{"href":"https:\/\/sac.britania.com.br\/marketing\/pagina\/wp-json\/wp\/v2\/pages\/1417","targetHints":{"allow":["GET"]}}],"collection":[{"href":"https:\/\/sac.britania.com.br\/marketing\/pagina\/wp-json\/wp\/v2\/pages"}],"about":[{"href":"https:\/\/sac.britania.com.br\/marketing\/pagina\/wp-json\/wp\/v2\/types\/page"}],"author":[{"embeddable":true,"href":"https:\/\/sac.britania.com.br\/marketing\/pagina\/wp-json\/wp\/v2\/users\/4"}],"replies":[{"embeddable":true,"href":"https:\/\/sac.britania.com.br\/marketing\/pagina\/wp-json\/wp\/v2\/comments?post=1417"}],"version-history":[{"count":25,"href":"https:\/\/sac.britania.com.br\/marketing\/pagina\/wp-json\/wp\/v2\/pages\/1417\/revisions"}],"predecessor-version":[{"id":1462,"href":"https:\/\/sac.britania.com.br\/marketing\/pagina\/wp-json\/wp\/v2\/pages\/1417\/revisions\/1462"}],"wp:attachment":[{"href":"https:\/\/sac.britania.com.br\/marketing\/pagina\/wp-json\/wp\/v2\/media?parent=1417"}],"curies":[{"name":"wp","href":"https:\/\/api.w.org\/{rel}","templated":true}]}}